{"id":1318,"date":"2025-03-11T23:22:36","date_gmt":"2025-03-11T23:22:36","guid":{"rendered":"https:\/\/www.atmacademir.com.tr\/iletisim\/"},"modified":"2025-04-10T13:11:48","modified_gmt":"2025-04-10T13:11:48","slug":"iletisim","status":"publish","type":"page","link":"https:\/\/www.atmacademir.com.tr\/en\/iletisim\/","title":{"rendered":"Contact"},"content":{"rendered":"\t\t<div data-elementor-type=\"wp-page\" data-elementor-id=\"1318\" class=\"elementor elementor-1318 elementor-181\" data-elementor-post-type=\"page\">\n\t\t\t\t<div class=\"elementor-element elementor-element-f47fa51 e-con-full e-flex e-con e-child\" data-id=\"f47fa51\" data-element_type=\"container\" data-settings=\"{&quot;background_background&quot;:&quot;classic&quot;}\">\n\t\t<div class=\"elementor-element elementor-element-484064c e-con-full e-flex e-con e-child\" data-id=\"484064c\" data-element_type=\"container\">\n\t\t\t\t<div class=\"elementor-element elementor-element-9b285d3 elementor-widget elementor-widget-heading\" data-id=\"9b285d3\" data-element_type=\"widget\" data-widget_type=\"heading.default\">\n\t\t\t\t<div class=\"elementor-widget-container\">\n\t\t\t\t\t<h2 class=\"elementor-heading-title elementor-size-default\">\u0130LET\u0130\u015e\u0130M<\/h2>\t\t\t\t<\/div>\n\t\t\t\t<\/div>\n\t\t\t\t<\/div>\n\t\t\t\t<\/div>\n\t\t<div class=\"elementor-element elementor-element-cb41589 e-flex e-con-boxed e-con e-parent\" data-id=\"cb41589\" data-element_type=\"container\" data-settings=\"{&quot;background_background&quot;:&quot;classic&quot;}\">\n\t\t\t\t\t<div class=\"e-con-inner\">\n\t\t<div class=\"elementor-element elementor-element-7d278c2 e-con-full e-flex e-con e-child\" data-id=\"7d278c2\" data-element_type=\"container\">\n\t\t\t\t<div class=\"elementor-element elementor-element-1db6313 elementor-widget elementor-widget-heading\" data-id=\"1db6313\" data-element_type=\"widget\" data-widget_type=\"heading.default\">\n\t\t\t\t<div class=\"elementor-widget-container\">\n\t\t\t\t\t<h2 class=\"elementor-heading-title elementor-size-default\">Merkez Ofis<\/h2>\t\t\t\t<\/div>\n\t\t\t\t<\/div>\n\t\t\t\t<div class=\"elementor-element elementor-element-2f96c25 elementor-widget-divider--view-line elementor-widget elementor-widget-divider\" data-id=\"2f96c25\" data-element_type=\"widget\" data-widget_type=\"divider.default\">\n\t\t\t\t<div class=\"elementor-widget-container\">\n\t\t\t\t\t\t\t<div class=\"elementor-divider\">\n\t\t\t<span class=\"elementor-divider-separator\">\n\t\t\t\t\t\t<\/span>\n\t\t<\/div>\n\t\t\t\t\t\t<\/div>\n\t\t\t\t<\/div>\n\t\t\t\t<div class=\"elementor-element elementor-element-e3501d5 elementor-icon-list--layout-traditional elementor-list-item-link-full_width elementor-widget elementor-widget-icon-list\" data-id=\"e3501d5\" data-element_type=\"widget\" data-widget_type=\"icon-list.default\">\n\t\t\t\t<div class=\"elementor-widget-container\">\n\t\t\t\t\t\t\t<ul class=\"elementor-icon-list-items\">\n\t\t\t\t\t\t\t<li class=\"elementor-icon-list-item\">\n\t\t\t\t\t\t\t\t\t\t\t<span class=\"elementor-icon-list-icon\">\n\t\t\t\t\t\t\t<svg aria-hidden=\"true\" class=\"e-font-icon-svg e-fas-home\" viewBox=\"0 0 576 512\" xmlns=\"http:\/\/www.w3.org\/2000\/svg\"><path d=\"M280.37 148.26L96 300.11V464a16 16 0 0 0 16 16l112.06-.29a16 16 0 0 0 15.92-16V368a16 16 0 0 1 16-16h64a16 16 0 0 1 16 16v95.64a16 16 0 0 0 16 16.05L464 480a16 16 0 0 0 16-16V300L295.67 148.26a12.19 12.19 0 0 0-15.3 0zM571.6 251.47L488 182.56V44.05a12 12 0 0 0-12-12h-56a12 12 0 0 0-12 12v72.61L318.47 43a48 48 0 0 0-61 0L4.34 251.47a12 12 0 0 0-1.6 16.9l25.5 31A12 12 0 0 0 45.15 301l235.22-193.74a12.19 12.19 0 0 1 15.3 0L530.9 301a12 12 0 0 0 16.9-1.6l25.5-31a12 12 0 0 0-1.7-16.93z\"><\/path><\/svg>\t\t\t\t\t\t<\/span>\n\t\t\t\t\t\t\t\t\t\t<span class=\"elementor-icon-list-text\">1232. Cadde No: 10 Ostim \/ Ankara<\/span>\n\t\t\t\t\t\t\t\t\t<\/li>\n\t\t\t\t\t\t\t\t<li class=\"elementor-icon-list-item\">\n\t\t\t\t\t\t\t\t\t\t\t<a href=\"tel:0312%20386%2025%2055\">\n\n\t\t\t\t\t\t\t\t\t\t\t\t<span class=\"elementor-icon-list-icon\">\n\t\t\t\t\t\t\t<svg aria-hidden=\"true\" class=\"e-font-icon-svg e-fas-phone-alt\" viewBox=\"0 0 512 512\" xmlns=\"http:\/\/www.w3.org\/2000\/svg\"><path d=\"M497.39 361.8l-112-48a24 24 0 0 0-28 6.9l-49.6 60.6A370.66 370.66 0 0 1 130.6 204.11l60.6-49.6a23.94 23.94 0 0 0 6.9-28l-48-112A24.16 24.16 0 0 0 122.6.61l-104 24A24 24 0 0 0 0 48c0 256.5 207.9 464 464 464a24 24 0 0 0 23.4-18.6l24-104a24.29 24.29 0 0 0-14.01-27.6z\"><\/path><\/svg>\t\t\t\t\t\t<\/span>\n\t\t\t\t\t\t\t\t\t\t<span class=\"elementor-icon-list-text\">0312 386 25 55 - 25 43<\/span>\n\t\t\t\t\t\t\t\t\t\t\t<\/a>\n\t\t\t\t\t\t\t\t\t<\/li>\n\t\t\t\t\t\t\t\t<li class=\"elementor-icon-list-item\">\n\t\t\t\t\t\t\t\t\t\t\t<a href=\"mailto:info@atmacademir.com.tr\">\n\n\t\t\t\t\t\t\t\t\t\t\t\t<span class=\"elementor-icon-list-icon\">\n\t\t\t\t\t\t\t<svg aria-hidden=\"true\" class=\"e-font-icon-svg e-far-envelope\" viewBox=\"0 0 512 512\" xmlns=\"http:\/\/www.w3.org\/2000\/svg\"><path d=\"M464 64H48C21.49 64 0 85.49 0 112v288c0 26.51 21.49 48 48 48h416c26.51 0 48-21.49 48-48V112c0-26.51-21.49-48-48-48zm0 48v40.805c-22.422 18.259-58.168 46.651-134.587 106.49-16.841 13.247-50.201 45.072-73.413 44.701-23.208.375-56.579-31.459-73.413-44.701C106.18 199.465 70.425 171.067 48 152.805V112h416zM48 400V214.398c22.914 18.251 55.409 43.862 104.938 82.646 21.857 17.205 60.134 55.186 103.062 54.955 42.717.231 80.509-37.199 103.053-54.947 49.528-38.783 82.032-64.401 104.947-82.653V400H48z\"><\/path><\/svg>\t\t\t\t\t\t<\/span>\n\t\t\t\t\t\t\t\t\t\t<span class=\"elementor-icon-list-text\">info@atmacademir.com.tr<\/span>\n\t\t\t\t\t\t\t\t\t\t\t<\/a>\n\t\t\t\t\t\t\t\t\t<\/li>\n\t\t\t\t\t\t<\/ul>\n\t\t\t\t\t\t<\/div>\n\t\t\t\t<\/div>\n\t\t\t\t<div class=\"elementor-element elementor-element-aa84c84 elementor-widget elementor-widget-google_maps\" data-id=\"aa84c84\" data-element_type=\"widget\" data-widget_type=\"google_maps.default\">\n\t\t\t\t<div class=\"elementor-widget-container\">\n\t\t\t\t\t\t\t<div class=\"elementor-custom-embed\">\n\t\t\t<iframe loading=\"lazy\"\n\t\t\t\t\tsrc=\"https:\/\/maps.google.com\/maps?q=1232.%20Cadde%20No%3A%2010%20Ostim%20%2F%20Ankara&#038;t=m&#038;z=10&#038;output=embed&#038;iwloc=near\"\n\t\t\t\t\ttitle=\"1232. Cadde No: 10 Ostim \/ Ankara\"\n\t\t\t\t\taria-label=\"1232. Cadde No: 10 Ostim \/ Ankara\"\n\t\t\t><\/iframe>\n\t\t<\/div>\n\t\t\t\t\t\t<\/div>\n\t\t\t\t<\/div>\n\t\t\t\t<div class=\"elementor-element elementor-element-70bdcb3 elementor-widget elementor-widget-heading\" data-id=\"70bdcb3\" data-element_type=\"widget\" data-widget_type=\"heading.default\">\n\t\t\t\t<div class=\"elementor-widget-container\">\n\t\t\t\t\t<h2 class=\"elementor-heading-title elementor-size-default\">\u015eube<\/h2>\t\t\t\t<\/div>\n\t\t\t\t<\/div>\n\t\t\t\t<div class=\"elementor-element elementor-element-97ec135 elementor-widget-divider--view-line elementor-widget elementor-widget-divider\" data-id=\"97ec135\" data-element_type=\"widget\" data-widget_type=\"divider.default\">\n\t\t\t\t<div class=\"elementor-widget-container\">\n\t\t\t\t\t\t\t<div class=\"elementor-divider\">\n\t\t\t<span class=\"elementor-divider-separator\">\n\t\t\t\t\t\t<\/span>\n\t\t<\/div>\n\t\t\t\t\t\t<\/div>\n\t\t\t\t<\/div>\n\t\t\t\t<div class=\"elementor-element elementor-element-7fb9f25 elementor-icon-list--layout-traditional elementor-list-item-link-full_width elementor-widget elementor-widget-icon-list\" data-id=\"7fb9f25\" data-element_type=\"widget\" data-widget_type=\"icon-list.default\">\n\t\t\t\t<div class=\"elementor-widget-container\">\n\t\t\t\t\t\t\t<ul class=\"elementor-icon-list-items\">\n\t\t\t\t\t\t\t<li class=\"elementor-icon-list-item\">\n\t\t\t\t\t\t\t\t\t\t\t<span class=\"elementor-icon-list-icon\">\n\t\t\t\t\t\t\t<svg aria-hidden=\"true\" class=\"e-font-icon-svg e-fas-home\" viewBox=\"0 0 576 512\" xmlns=\"http:\/\/www.w3.org\/2000\/svg\"><path d=\"M280.37 148.26L96 300.11V464a16 16 0 0 0 16 16l112.06-.29a16 16 0 0 0 15.92-16V368a16 16 0 0 1 16-16h64a16 16 0 0 1 16 16v95.64a16 16 0 0 0 16 16.05L464 480a16 16 0 0 0 16-16V300L295.67 148.26a12.19 12.19 0 0 0-15.3 0zM571.6 251.47L488 182.56V44.05a12 12 0 0 0-12-12h-56a12 12 0 0 0-12 12v72.61L318.47 43a48 48 0 0 0-61 0L4.34 251.47a12 12 0 0 0-1.6 16.9l25.5 31A12 12 0 0 0 45.15 301l235.22-193.74a12.19 12.19 0 0 1 15.3 0L530.9 301a12 12 0 0 0 16.9-1.6l25.5-31a12 12 0 0 0-1.7-16.93z\"><\/path><\/svg>\t\t\t\t\t\t<\/span>\n\t\t\t\t\t\t\t\t\t\t<span class=\"elementor-icon-list-text\">1231. Cadde No:22 Ostim\/Ankara<\/span>\n\t\t\t\t\t\t\t\t\t<\/li>\n\t\t\t\t\t\t\t\t<li class=\"elementor-icon-list-item\">\n\t\t\t\t\t\t\t\t\t\t\t<a href=\"tel:0%20(312)%20544%2088%2047\">\n\n\t\t\t\t\t\t\t\t\t\t\t\t<span class=\"elementor-icon-list-icon\">\n\t\t\t\t\t\t\t<svg aria-hidden=\"true\" class=\"e-font-icon-svg e-fas-phone-alt\" viewBox=\"0 0 512 512\" xmlns=\"http:\/\/www.w3.org\/2000\/svg\"><path d=\"M497.39 361.8l-112-48a24 24 0 0 0-28 6.9l-49.6 60.6A370.66 370.66 0 0 1 130.6 204.11l60.6-49.6a23.94 23.94 0 0 0 6.9-28l-48-112A24.16 24.16 0 0 0 122.6.61l-104 24A24 24 0 0 0 0 48c0 256.5 207.9 464 464 464a24 24 0 0 0 23.4-18.6l24-104a24.29 24.29 0 0 0-14.01-27.6z\"><\/path><\/svg>\t\t\t\t\t\t<\/span>\n\t\t\t\t\t\t\t\t\t\t<span class=\"elementor-icon-list-text\">0 (312) 544 88 47<\/span>\n\t\t\t\t\t\t\t\t\t\t\t<\/a>\n\t\t\t\t\t\t\t\t\t<\/li>\n\t\t\t\t\t\t<\/ul>\n\t\t\t\t\t\t<\/div>\n\t\t\t\t<\/div>\n\t\t\t\t<\/div>\n\t\t<div class=\"elementor-element elementor-element-f919829 e-con-full e-flex e-con e-child\" data-id=\"f919829\" data-element_type=\"container\">\n\t\t\t\t<div class=\"elementor-element elementor-element-ad2af94 elementor-widget elementor-widget-heading\" data-id=\"ad2af94\" data-element_type=\"widget\" data-widget_type=\"heading.default\">\n\t\t\t\t<div class=\"elementor-widget-container\">\n\t\t\t\t\t<h2 class=\"elementor-heading-title elementor-size-default\">\u0130leti\u015fim Formu<\/h2>\t\t\t\t<\/div>\n\t\t\t\t<\/div>\n\t\t\t\t<div class=\"elementor-element elementor-element-6d74f00 elementor-widget elementor-widget-shortcode\" data-id=\"6d74f00\" data-element_type=\"widget\" data-widget_type=\"shortcode.default\">\n\t\t\t\t<div class=\"elementor-widget-container\">\n\t\t\t\t\t\t\t<div class=\"elementor-shortcode\">\n<div class=\"wpcf7 no-js\" id=\"wpcf7-f742-o1\" lang=\"tr-TR\" dir=\"ltr\" data-wpcf7-id=\"742\">\n<div class=\"screen-reader-response\"><p role=\"status\" aria-live=\"polite\" aria-atomic=\"true\"><\/p> <ul><\/ul><\/div>\n<form action=\"\/en\/wp-json\/wp\/v2\/pages\/1318#wpcf7-f742-o1\" method=\"post\" class=\"wpcf7-form init\" aria-label=\"\u0130leti\u015fim Formu\" novalidate=\"novalidate\" data-status=\"init\">\n<div style=\"display: none;\">\n<input type=\"hidden\" name=\"_wpcf7\" value=\"742\" \/>\n<input type=\"hidden\" name=\"_wpcf7_version\" value=\"6.0.5\" \/>\n<input type=\"hidden\" name=\"_wpcf7_locale\" value=\"tr_TR\" \/>\n<input type=\"hidden\" name=\"_wpcf7_unit_tag\" value=\"wpcf7-f742-o1\" \/>\n<input type=\"hidden\" name=\"_wpcf7_container_post\" value=\"0\" \/>\n<input type=\"hidden\" name=\"_wpcf7_posted_data_hash\" value=\"\" \/>\n<input type=\"hidden\" name=\"_wpcf7cf_hidden_group_fields\" value=\"[]\" \/>\n<input type=\"hidden\" name=\"_wpcf7cf_hidden_groups\" value=\"[]\" \/>\n<input type=\"hidden\" name=\"_wpcf7cf_visible_groups\" value=\"[]\" \/>\n<input type=\"hidden\" name=\"_wpcf7cf_repeaters\" value=\"[]\" \/>\n<input type=\"hidden\" name=\"_wpcf7cf_steps\" value=\"{}\" \/>\n<input type=\"hidden\" name=\"_wpcf7cf_options\" value=\"{&quot;form_id&quot;:742,&quot;conditions&quot;:[],&quot;settings&quot;:{&quot;animation&quot;:&quot;yes&quot;,&quot;animation_intime&quot;:200,&quot;animation_outtime&quot;:200,&quot;conditions_ui&quot;:&quot;normal&quot;,&quot;notice_dismissed&quot;:false}}\" \/>\n<\/div>\n<div class=\"contact-form\">\n\t<div class=\"form-group\">\n\t\t<p><label for=\"ad\">Ad <span class=\"required\">*<\/span><\/label><br \/>\n<span class=\"wpcf7-form-control-wrap\" data-name=\"ad\"><input size=\"40\" maxlength=\"400\" class=\"wpcf7-form-control wpcf7-text wpcf7-validates-as-required\" id=\"ad\" aria-required=\"true\" aria-invalid=\"false\" placeholder=\"Ad\u0131n\u0131z\u0131 Giriniz\" value=\"\" type=\"text\" name=\"ad\" \/><\/span>\n\t\t<\/p>\n\t<\/div>\n\t<div class=\"form-group\">\n\t\t<p><label for=\"soyad\">Soyad <span class=\"required\">*<\/span><\/label><br \/>\n<span class=\"wpcf7-form-control-wrap\" data-name=\"soyad\"><input size=\"40\" maxlength=\"400\" class=\"wpcf7-form-control wpcf7-text wpcf7-validates-as-required\" id=\"soyad\" aria-required=\"true\" aria-invalid=\"false\" placeholder=\"Soyad\u0131n\u0131z\u0131 Giriniz\" value=\"\" type=\"text\" name=\"soyad\" \/><\/span>\n\t\t<\/p>\n\t<\/div>\n\t<div class=\"form-group\">\n\t\t<p><label for=\"email\">E-posta <span class=\"required\">*<\/span><\/label><br \/>\n<span class=\"wpcf7-form-control-wrap\" data-name=\"email\"><input size=\"40\" maxlength=\"400\" class=\"wpcf7-form-control wpcf7-email wpcf7-validates-as-required wpcf7-text wpcf7-validates-as-email\" id=\"email\" aria-required=\"true\" aria-invalid=\"false\" placeholder=\"E-posta Adresinizi Giriniz\" value=\"\" type=\"email\" name=\"email\" \/><\/span>\n\t\t<\/p>\n\t<\/div>\n\t<div class=\"form-group\">\n\t\t<p><label for=\"telefon\">Telefon <span class=\"required\">*<\/span><\/label><br \/>\n<span class=\"wpcf7-form-control-wrap\" data-name=\"telefon\"><input size=\"40\" maxlength=\"400\" class=\"wpcf7-form-control wpcf7-tel wpcf7-validates-as-required wpcf7-text wpcf7-validates-as-tel\" id=\"telefon\" aria-required=\"true\" aria-invalid=\"false\" placeholder=\"Telefon Numaran\u0131z\u0131 Giriniz\" value=\"\" type=\"tel\" name=\"telefon\" \/><\/span>\n\t\t<\/p>\n\t<\/div>\n\t<div class=\"form-group\">\n\t\t<p><label for=\"konu\">Konu <span class=\"required\">*<\/span><\/label><br \/>\n<span class=\"wpcf7-form-control-wrap\" data-name=\"konu\"><input size=\"40\" maxlength=\"400\" class=\"wpcf7-form-control wpcf7-text wpcf7-validates-as-required\" id=\"konu\" aria-required=\"true\" aria-invalid=\"false\" placeholder=\"Konu Giriniz\" value=\"\" type=\"text\" name=\"konu\" \/><\/span>\n\t\t<\/p>\n\t<\/div>\n\t<div class=\"form-group\">\n\t\t<p><label for=\"mesaj\">Mesaj <span class=\"required\">*<\/span><\/label><br \/>\n<span class=\"wpcf7-form-control-wrap\" data-name=\"mesaj\"><textarea cols=\"40\" rows=\"5\" maxlength=\"2000\" class=\"wpcf7-form-control wpcf7-textarea wpcf7-validates-as-required\" id=\"mesaj\" aria-required=\"true\" aria-invalid=\"false\" placeholder=\"Mesaj\u0131n\u0131z\u0131 Giriniz\" name=\"mesaj\"><\/textarea><\/span>\n\t\t<\/p>\n\t<\/div>\n\t<div class=\"kvkk-consent\">\n\t\t<div class=\"consent-item\">\n\t\t\t<p class=\"consent-info\"><br \/>\nKi\u015fisel verilerinizin korunmas\u0131 ve i\u015flenmesi hakk\u0131nda ayd\u0131nlatma metnine <a href=\"https:\/\/www.atmacademir.com.tr\/wp-content\/uploads\/2025\/04\/WEB-SITE-ILETISIM-FORMU-AYDINLATMA-METNI.pdf\" target=\"_blank\">buradan<\/a> ula\u015fabilirsiniz.\n\t\t\t<\/p>\n\t\t\t<p><span class=\"wpcf7-form-control-wrap\" data-name=\"aydinlatma_metni\"><span class=\"wpcf7-form-control wpcf7-checkbox wpcf7-validates-as-required\"><span class=\"wpcf7-list-item first last\"><input type=\"checkbox\" name=\"aydinlatma_metni[]\" value=\"Okudum ve onayl\u0131yorum\" \/><span class=\"wpcf7-list-item-label\">Okudum ve onayl\u0131yorum<\/span><\/span><\/span><\/span>\n\t\t\t<\/p>\n\t\t<\/div>\n\t\t<div class=\"consent-item\">\n\t\t\t<div class=\"consent-info\">\n\t\t\t\t<p>Ki\u015fisel verileriniz e-posta sunucular\u0131m\u0131z\u0131n yurtd\u0131\u015f\u0131nda bulunmas\u0131 sebebiyle a\u00e7\u0131k r\u0131zan\u0131za istinaden yurtd\u0131\u015f\u0131na aktar\u0131labilmektedir. Bu kapsamda l\u00fctfen a\u00e7\u0131k r\u0131za tercihinizi belirleyiniz.\n\t\t\t\t<\/p>\n\t\t\t\t<p><a href=\"https:\/\/www.atmacademir.com.tr\/wp-content\/uploads\/2025\/04\/web-site-iletisim-formu-acik-riza.pdf\" target=\"_blank\">A\u00e7\u0131k r\u0131za metnini incelemek i\u00e7in t\u0131klay\u0131n\u0131z<\/a>\n\t\t\t\t<\/p>\n\t\t\t<\/div>\n\t\t\t<div class=\"consent-options\">\n\t\t\t\t<p><span class=\"radio-option\"><br \/>\n<label><input type=\"radio\" name=\"acik_riza\" value=\"Kabul ediyorum\" checked \/> Kabul ediyorum<\/label><br \/>\n<\/span><br \/>\n<span class=\"radio-option\"><br \/>\n<label><input type=\"radio\" name=\"acik_riza\" value=\"Red ediyorum\" \/> Red ediyorum<\/label><br \/>\n<\/span>\n\t\t\t\t<\/p>\n\t\t\t<\/div>\n\t\t\t<p class=\"consent-warning\"><br \/>\nBu onay\u0131 vermedi\u011finiz takdirde ba\u015fvurunuzu online olarak i\u015fleme koyamay\u0131z.\n\t\t\t<\/p>\n\t\t<\/div>\n\t<\/div>\n\t<div class=\"form-button\">\n\t\t<p><input class=\"wpcf7-form-control wpcf7-submit has-spinner\" type=\"submit\" value=\"G\u00f6nder\" \/>\n\t\t<\/p>\n\t<\/div>\n<\/div><div class=\"wpcf7-response-output\" aria-hidden=\"true\"><\/div>\n<\/form>\n<\/div>\n<\/div>\n\t\t\t\t\t\t<\/div>\n\t\t\t\t<\/div>\n\t\t\t\t<div class=\"elementor-element elementor-element-a67572e elementor-widget elementor-widget-html\" data-id=\"a67572e\" data-element_type=\"widget\" data-widget_type=\"html.default\">\n\t\t\t\t<div class=\"elementor-widget-container\">\n\t\t\t\t\t<style>\n  .contact-form {\n  max-width: 600px;\n  margin: 0 auto;\n}\n\n.form-group {\n  margin-bottom: 15px;\n}\n\n.form-group label {\n  display: block;\n  margin-bottom: 5px;\n  font-weight: 500;\n}\n\n.form-group input,\n.form-group textarea {\n  width: 100%;\n  padding: 10px;\n  border: 1px solid #ddd;\n  border-radius: 4px;\n  background-color: #f8f8f8;\n  font-size: 14px;\n}\n\n.form-group input:focus,\n.form-group textarea:focus {\n  outline: none;\n  border-color: #aaa;\n  box-shadow: 0 0 5px rgba(0,0,0,0.1);\n}\n\n.required {\n  color: #ff0000;\n}\n\n\/* KVKK B\u00f6l\u00fcm\u00fc *\/\n.kvkk-consent {\n  margin: 25px 0 20px;\n  padding: 15px;\n  background: #f9f9f9;\n  border: 1px solid #e0e0e0;\n  border-radius: 6px;\n}\n\n.consent-item {\n  margin-bottom: 20px;\n  padding-bottom: 15px;\n  border-bottom: 1px solid #eaeaea;\n}\n\n.consent-item:last-child {\n  margin-bottom: 0;\n  padding-bottom: 0;\n  border-bottom: none;\n}\n\n.consent-info p {\n  margin-bottom: 10px !important;\n  line-height: 1.5;\n  font-size: 15px;\n}\n\n.consent-info a {\n  color: #007bff;\n  text-decoration: underline;\n  font-weight: 600;\n  transition: color 0.3s;\n}\n\n.consent-info a:hover {\n  color: #0056b3;\n}\n\n\/* Radio butonu stilleri *\/\n.consent-options {\n  margin: 15px 0;\n  display: flex;\n  gap: 20px;\n}\n\n.radio-option {\n  display: flex;\n  align-items: center;\n}\n\n.radio-option label {\n  display: flex;\n  align-items: center;\n  font-size: 14px;\n  cursor: pointer;\n}\n\n.radio-option input[type=\"radio\"] {\n  margin-right: 8px;\n  accent-color: #007bff;\n  width: 16px;\n  height: 16px;\n}\n\n.consent-warning {\n  margin-top: 10px;\n  color: #dc3545;\n  font-style: italic;\n  font-size: 14px;\n}\n\n.form-button {\n  margin-top: 20px;\n}\n\n.form-button input[type=\"submit\"] {\n  background-color: #ff0000;\n  color: white;\n  border: none;\n  padding: 12px 25px;\n  border-radius: 4px;\n  cursor: pointer;\n  font-size: 16px;\n  font-weight: 600;\n  width: 100%;\n  transition: background-color 0.3s;\n}\n\n.form-button input[type=\"submit\"]:hover {\n  background-color: #d40000;\n}\n\n\/* BR etiketlerini gizle *\/\n.kvkk-consent br {\n  display: none;\n}\n\n\/* Mobil Uyumluluk *\/\n@media screen and (max-width: 767px) {\n  .form-group input,\n  .form-group textarea {\n    font-size: 16px; \/* Mobil cihazlarda b\u00fcy\u00fctmeyi \u00f6nlemek i\u00e7in *\/\n  }\n  \n  .consent-options {\n    flex-direction: column;\n    gap: 10px;\n  }\n}\n<\/style>\t\t\t\t<\/div>\n\t\t\t\t<\/div>\n\t\t\t\t<\/div>\n\t\t\t\t\t<\/div>\n\t\t\t\t<\/div>\n\t\t\t\t<\/div>\n\t\t","protected":false},"excerpt":{"rendered":"<p>\u0130LET\u0130\u015e\u0130M Merkez Ofis 1232. Cadde No: 10 Ostim \/ Ankara 0312 386 25 55 &#8211; 25 43 info@atmacademir.com.tr \u015eube 1231. Cadde No:22 Ostim\/Ankara 0 (312) 544 88 47 \u0130leti\u015fim Formu<\/p>\n","protected":false},"author":1,"featured_media":0,"parent":0,"menu_order":0,"comment_status":"closed","ping_status":"closed","template":"elementor_header_footer","meta":{"footnotes":""},"class_list":["post-1318","page","type-page","status-publish","hentry"],"_links":{"self":[{"href":"https:\/\/www.atmacademir.com.tr\/en\/wp-json\/wp\/v2\/pages\/1318","targetHints":{"allow":["GET"]}}],"collection":[{"href":"https:\/\/www.atmacademir.com.tr\/en\/wp-json\/wp\/v2\/pages"}],"about":[{"href":"https:\/\/www.atmacademir.com.tr\/en\/wp-json\/wp\/v2\/types\/page"}],"author":[{"embeddable":true,"href":"https:\/\/www.atmacademir.com.tr\/en\/wp-json\/wp\/v2\/users\/1"}],"replies":[{"embeddable":true,"href":"https:\/\/www.atmacademir.com.tr\/en\/wp-json\/wp\/v2\/comments?post=1318"}],"version-history":[{"count":13,"href":"https:\/\/www.atmacademir.com.tr\/en\/wp-json\/wp\/v2\/pages\/1318\/revisions"}],"predecessor-version":[{"id":1713,"href":"https:\/\/www.atmacademir.com.tr\/en\/wp-json\/wp\/v2\/pages\/1318\/revisions\/1713"}],"wp:attachment":[{"href":"https:\/\/www.atmacademir.com.tr\/en\/wp-json\/wp\/v2\/media?parent=1318"}],"curies":[{"name":"wp","href":"https:\/\/api.w.org\/{rel}","templated":true}]}}